{"id":19,"date":"2021-11-10T18:23:32","date_gmt":"2021-11-10T18:23:32","guid":{"rendered":"https:\/\/www.tecnicapci.com\/?page_id=19"},"modified":"2022-02-03T17:14:25","modified_gmt":"2022-02-03T17:14:25","slug":"acerca-de","status":"publish","type":"page","link":"https:\/\/www.tecnicapci.com\/?page_id=19","title":{"rendered":"Acerca de"},"content":{"rendered":"\n<p>Somos una empresa con m\u00e1s de 12 a\u00f1os de experiencia dedicada a los equipos de espuma contra incendios.<\/p>\n\n\n\n<p>T\u00e9cnica PCI te aporta la soluci\u00f3n t\u00e9cnica m\u00e1s adecuada a tus necesidades, seg\u00fan normas vigentes<\/p>\n","protected":false},"excerpt":{"rendered":"<p>Somos una empresa con m\u00e1s de 12 a\u00f1os de experiencia dedicada a los equipos de espuma contra incendios. T\u00e9cnica PCI te aporta la soluci\u00f3n t\u00e9cnica m\u00e1s adecuada a tus necesidades, seg\u00fan normas vigentes<\/p>\n","protected":false},"author":1,"featured_media":0,"parent":0,"menu_order":0,"comment_status":"closed","ping_status":"closed","template":"","meta":{"footnotes":""},"_links":{"self":[{"href":"https:\/\/www.tecnicapci.com\/index.php?rest_route=\/wp\/v2\/pages\/19"}],"collection":[{"href":"https:\/\/www.tecnicapci.com\/index.php?rest_route=\/wp\/v2\/pages"}],"about":[{"href":"https:\/\/www.tecnicapci.com\/index.php?rest_route=\/wp\/v2\/types\/page"}],"author":[{"embeddable":true,"href":"https:\/\/www.tecnicapci.com\/index.php?rest_route=\/wp\/v2\/users\/1"}],"replies":[{"embeddable":true,"href":"https:\/\/www.tecnicapci.com\/index.php?rest_route=%2Fwp%2Fv2%2Fcomments&post=19"}],"version-history":[{"count":2,"href":"https:\/\/www.tecnicapci.com\/index.php?rest_route=\/wp\/v2\/pages\/19\/revisions"}],"predecessor-version":[{"id":186,"href":"https:\/\/www.tecnicapci.com\/index.php?rest_route=\/wp\/v2\/pages\/19\/revisions\/186"}],"wp:attachment":[{"href":"https:\/\/www.tecnicapci.com\/index.php?rest_route=%2Fwp%2Fv2%2Fmedia&parent=19"}],"curies":[{"name":"wp","href":"https:\/\/api.w.org\/{rel}","templated":true}]}}