{"id":18,"date":"2021-11-10T18:23:32","date_gmt":"2021-11-10T18:23:32","guid":{"rendered":"https:\/\/www.tecnicapci.com\/?page_id=18"},"modified":"2022-03-01T10:57:48","modified_gmt":"2022-03-01T10:57:48","slug":"el-nuevo-umoma-abre-sus-puertas-2","status":"publish","type":"page","link":"https:\/\/www.tecnicapci.com\/","title":{"rendered":"T\u00c9CNICA PCI"},"content":{"rendered":"\n<div class=\"wp-block-group alignwide\"><div class=\"wp-block-group__inner-container is-layout-flow wp-block-group-is-layout-flow\">\n<h2 class=\"has-text-align-center has-small-font-size wp-block-heading\" id=\"escribenos-tecnicapci-tecnicapci-com\">Escr\u00edbenos: tecnicapci@tecnicapci.com<\/h2>\n\n\n\n<div class=\"wp-block-columns is-layout-flex wp-container-core-columns-is-layout-1 wp-block-columns-is-layout-flex\">\n<div class=\"wp-block-column is-layout-flow wp-block-column-is-layout-flow\">\n<figure class=\"wp-block-image size-full is-resized\"><img loading=\"lazy\" decoding=\"async\" src=\"https:\/\/www.tecnicapci.com\/wp-content\/uploads\/2022\/02\/pexels-pixabay-210881-scaled.jpg\" alt=\"\" class=\"wp-image-244\" width=\"162\" height=\"121\"\/><figcaption>SERVICIO T\u00c9CNICO<\/figcaption><\/figure>\n<\/div>\n\n\n\n<div class=\"wp-block-column is-layout-flow wp-block-column-is-layout-flow\">\n<figure class=\"wp-block-image size-large is-resized\"><img loading=\"lazy\" decoding=\"async\" src=\"https:\/\/www.tecnicapci.com\/wp-content\/uploads\/2022\/02\/Vista-Isometrica-GAE-1024x612.png\" alt=\"\" class=\"wp-image-231\" width=\"196\" height=\"116\" srcset=\"https:\/\/www.tecnicapci.com\/wp-content\/uploads\/2022\/02\/Vista-Isometrica-GAE-1024x612.png 1024w, https:\/\/www.tecnicapci.com\/wp-content\/uploads\/2022\/02\/Vista-Isometrica-GAE-300x179.png 300w, https:\/\/www.tecnicapci.com\/wp-content\/uploads\/2022\/02\/Vista-Isometrica-GAE-768x459.png 768w, https:\/\/www.tecnicapci.com\/wp-content\/uploads\/2022\/02\/Vista-Isometrica-GAE-1200x717.png 1200w, https:\/\/www.tecnicapci.com\/wp-content\/uploads\/2022\/02\/Vista-Isometrica-GAE.png 1496w\" sizes=\"(max-width: 196px) 100vw, 196px\" \/><figcaption>EQUIPOS CONTRA INCENDIOS<\/figcaption><\/figure>\n<\/div>\n\n\n\n<div class=\"wp-block-column is-layout-flow wp-block-column-is-layout-flow\">\n<figure class=\"wp-block-gallery has-nested-images columns-default is-cropped wp-block-gallery-1 is-layout-flex wp-block-gallery-is-layout-flex\">\n<figure class=\"wp-block-image size-full\"><img loading=\"lazy\" decoding=\"async\" width=\"1024\" height=\"576\" src=\"https:\/\/www.tecnicapci.com\/wp-content\/uploads\/2022\/02\/IMG-20220203-WA0000-3-1024x576.jpg\" alt=\"\" class=\"wp-image-269\" srcset=\"https:\/\/www.tecnicapci.com\/wp-content\/uploads\/2022\/02\/IMG-20220203-WA0000-3-1024x576.jpg 1024w, https:\/\/www.tecnicapci.com\/wp-content\/uploads\/2022\/02\/IMG-20220203-WA0000-3-300x169.jpg 300w, https:\/\/www.tecnicapci.com\/wp-content\/uploads\/2022\/02\/IMG-20220203-WA0000-3-768x432.jpg 768w, https:\/\/www.tecnicapci.com\/wp-content\/uploads\/2022\/02\/IMG-20220203-WA0000-3-1536x864.jpg 1536w, https:\/\/www.tecnicapci.com\/wp-content\/uploads\/2022\/02\/IMG-20220203-WA0000-3-1200x675.jpg 1200w, https:\/\/www.tecnicapci.com\/wp-content\/uploads\/2022\/02\/IMG-20220203-WA0000-3-1980x1114.jpg 1980w, https:\/\/www.tecnicapci.com\/wp-content\/uploads\/2022\/02\/IMG-20220203-WA0000-3.jpg 2048w\" sizes=\"(max-width: 1024px) 100vw, 1024px\" \/><\/figure>\n<figcaption class=\"blocks-gallery-caption\">ESPUM\u00d3GENO Y AN\u00c1LISIS <\/figcaption><\/figure>\n\n\n\n<p><\/p>\n<\/div>\n<\/div>\n<\/div><\/div>\n\n\n\n<p><\/p>\n\n\n\n<p><\/p>\n\n\n<ul class=\"wp-block-latest-posts__list wp-block-latest-posts\"><li><a class=\"wp-block-latest-posts__post-title\" href=\"https:\/\/www.tecnicapci.com\/?p=274\">EN CONSTRUCCI\u00d3N<\/a><div class=\"wp-block-latest-posts__post-excerpt\">Estimados clientes En estos momentos tenemos la p\u00e1gina en construcci\u00f3n. Para cualquier consulta no duden en ponerse en contacto con nostros a la direcci\u00f3n arriba indicada. Muchas Gracias y Disculpen las molestias<\/div><\/li>\n<\/ul>","protected":false},"excerpt":{"rendered":"<p>Escr\u00edbenos: tecnicapci@tecnicapci.com<\/p>\n","protected":false},"author":1,"featured_media":0,"parent":0,"menu_order":0,"comment_status":"closed","ping_status":"closed","template":"","meta":{"footnotes":""},"_links":{"self":[{"href":"https:\/\/www.tecnicapci.com\/index.php?rest_route=\/wp\/v2\/pages\/18"}],"collection":[{"href":"https:\/\/www.tecnicapci.com\/index.php?rest_route=\/wp\/v2\/pages"}],"about":[{"href":"https:\/\/www.tecnicapci.com\/index.php?rest_route=\/wp\/v2\/types\/page"}],"author":[{"embeddable":true,"href":"https:\/\/www.tecnicapci.com\/index.php?rest_route=\/wp\/v2\/users\/1"}],"replies":[{"embeddable":true,"href":"https:\/\/www.tecnicapci.com\/index.php?rest_route=%2Fwp%2Fv2%2Fcomments&post=18"}],"version-history":[{"count":51,"href":"https:\/\/www.tecnicapci.com\/index.php?rest_route=\/wp\/v2\/pages\/18\/revisions"}],"predecessor-version":[{"id":408,"href":"https:\/\/www.tecnicapci.com\/index.php?rest_route=\/wp\/v2\/pages\/18\/revisions\/408"}],"wp:attachment":[{"href":"https:\/\/www.tecnicapci.com\/index.php?rest_route=%2Fwp%2Fv2%2Fmedia&parent=18"}],"curies":[{"name":"wp","href":"https:\/\/api.w.org\/{rel}","templated":true}]}}